{"id":7,"date":"2018-01-12T13:09:26","date_gmt":"2018-01-12T11:09:26","guid":{"rendered":"https:\/\/www.salonua.fi\/rallisprint\/?page_id=7"},"modified":"2025-02-01T00:43:56","modified_gmt":"2025-01-31T22:43:56","slug":"kilpailijat","status":"publish","type":"page","link":"https:\/\/www.salonua.fi\/rallisprint\/kilpailijat\/","title":{"rendered":"Kilpailijat"},"content":{"rendered":"<h1>\u00a0<\/h1>\n<h1><strong>Rengas Turku Sprint &#8211; rallisprintti\u00e4 Sauvossa 16.2.2025<\/strong><\/h1>\n<p>Salon Urheiluautoilijoiden kahdeksannen kerran j\u00e4rjestett\u00e4v\u00e4 rallisprint kilpailu l\u00e4hestyy. T\u00e4ll\u00e4 kertaa kilpailu ajetaan Sauvossa.\u00a0<strong><br \/><\/strong><\/p>\n<p>Kilpailu ajetaan 4200m pitk\u00e4ll\u00e4 reitill\u00e4, jonka l\u00e4ht\u00f6 ja maali on heti varikon vieress\u00e4. Kilpailun reittin\u00e4 ovat Roopekintie ja Korpelankyl\u00e4ntie. Alta l\u00f6yd\u00e4t rataesittelyn, sek\u00e4 kilpailun materiaaleja sit\u00e4 mukaan, kun niit\u00e4 julkaistaan.<\/p>\n<p>Tervetuloa kilpailemaan!<\/p>\n<p>Ilmoitustaulu<\/p>\n<p><a href=\"https:\/\/akk.autourheilu.fi\/Public\/Kiti\/Competition\/CompetitionEnrollListPlain.aspx?id=18974\">Ilmoittautuneiden lista<\/a><\/p>\n<p>Rataesittely<\/p>\n\n\n<figure class=\"wp-block-embed is-type-video is-provider-youtube wp-block-embed-youtube wp-embed-aspect-16-9 wp-has-aspect-ratio\"><div class=\"wp-block-embed__wrapper\">\n<iframe loading=\"lazy\" title=\"AJOHARJOITUS 4.2.2024 - Rataesittely\" width=\"584\" height=\"329\" src=\"https:\/\/www.youtube.com\/embed\/SS_xAG5NUqI?feature=oembed\" frameborder=\"0\" allow=\"accelerometer; autoplay; clipboard-write; encrypted-media; gyroscope; picture-in-picture; web-share\" referrerpolicy=\"strict-origin-when-cross-origin\" allowfullscreen><\/iframe>\n<\/div><\/figure>\n\n\n\n<p>Ratakartta<\/p>\n\n\n\n<figure class=\"wp-block-image size-full\"><img loading=\"lazy\" decoding=\"async\" width=\"2000\" height=\"1413\" src=\"https:\/\/www.salonua.fi\/rallisprint\/wp-content\/uploads\/2025\/02\/ratakartta16.2.2025_kilpailijat.jpg\" alt=\"\" class=\"wp-image-801\" srcset=\"https:\/\/www.salonua.fi\/rallisprint\/wp-content\/uploads\/2025\/02\/ratakartta16.2.2025_kilpailijat.jpg 2000w, https:\/\/www.salonua.fi\/rallisprint\/wp-content\/uploads\/2025\/02\/ratakartta16.2.2025_kilpailijat-300x212.jpg 300w, https:\/\/www.salonua.fi\/rallisprint\/wp-content\/uploads\/2025\/02\/ratakartta16.2.2025_kilpailijat-1024x723.jpg 1024w, https:\/\/www.salonua.fi\/rallisprint\/wp-content\/uploads\/2025\/02\/ratakartta16.2.2025_kilpailijat-768x543.jpg 768w, https:\/\/www.salonua.fi\/rallisprint\/wp-content\/uploads\/2025\/02\/ratakartta16.2.2025_kilpailijat-1536x1085.jpg 1536w, https:\/\/www.salonua.fi\/rallisprint\/wp-content\/uploads\/2025\/02\/ratakartta16.2.2025_kilpailijat-425x300.jpg 425w\" sizes=\"auto, (max-width: 2000px) 100vw, 2000px\" \/><\/figure>\n","protected":false},"excerpt":{"rendered":"<p>\u00a0 Rengas Turku Sprint &#8211; rallisprintti\u00e4 Sauvossa 16.2.2025 Salon Urheiluautoilijoiden kahdeksannen kerran j\u00e4rjestett\u00e4v\u00e4 rallisprint kilpailu l\u00e4hestyy. T\u00e4ll\u00e4 kertaa kilpailu ajetaan Sauvossa.\u00a0 Kilpailu ajetaan 4200m pitk\u00e4ll\u00e4 reitill\u00e4, jonka l\u00e4ht\u00f6 ja maali on heti varikon vieress\u00e4. Kilpailun reittin\u00e4 ovat Roopekintie ja Korpelankyl\u00e4ntie. &hellip; <a href=\"https:\/\/www.salonua.fi\/rallisprint\/kilpailijat\/\">Lue loppuun <span class=\"meta-nav\">&rarr;<\/span><\/a><\/p>\n","protected":false},"author":3,"featured_media":0,"parent":0,"menu_order":0,"comment_status":"closed","ping_status":"closed","template":"sidebar-page.php","meta":{"footnotes":""},"class_list":["post-7","page","type-page","status-publish","hentry"],"yoast_head":"<!-- This site is optimized with the Yoast SEO plugin v26.7 - https:\/\/yoast.com\/wordpress\/plugins\/seo\/ -->\n<title>Kilpailijat - Rengas Turku Sprint<\/title>\n<meta name=\"robots\" content=\"index, follow, max-snippet:-1, max-image-preview:large, max-video-preview:-1\" \/>\n<link rel=\"canonical\" href=\"https:\/\/www.salonua.fi\/rallisprint\/kilpailijat\/\" \/>\n<meta property=\"og:locale\" content=\"fi_FI\" \/>\n<meta property=\"og:type\" content=\"article\" \/>\n<meta property=\"og:title\" content=\"Kilpailijat - Rengas Turku Sprint\" \/>\n<meta property=\"og:description\" content=\"\u00a0 Rengas Turku Sprint &#8211; rallisprintti\u00e4 Sauvossa 16.2.2025 Salon Urheiluautoilijoiden kahdeksannen kerran j\u00e4rjestett\u00e4v\u00e4 rallisprint kilpailu l\u00e4hestyy. T\u00e4ll\u00e4 kertaa kilpailu ajetaan Sauvossa.\u00a0 Kilpailu ajetaan 4200m pitk\u00e4ll\u00e4 reitill\u00e4, jonka l\u00e4ht\u00f6 ja maali on heti varikon vieress\u00e4. Kilpailun reittin\u00e4 ovat Roopekintie ja Korpelankyl\u00e4ntie. &hellip; Lue loppuun &rarr;\" \/>\n<meta property=\"og:url\" content=\"https:\/\/www.salonua.fi\/rallisprint\/kilpailijat\/\" \/>\n<meta property=\"og:site_name\" content=\"Rengas Turku Sprint\" \/>\n<meta property=\"article:publisher\" content=\"https:\/\/www.facebook.com\/salonurheiluautoilijat\/\" \/>\n<meta property=\"article:modified_time\" content=\"2025-01-31T22:43:56+00:00\" \/>\n<meta property=\"og:image\" content=\"https:\/\/www.salonua.fi\/rallisprint\/wp-content\/uploads\/2025\/02\/ratakartta16.2.2025_kilpailijat.jpg\" \/>\n\t<meta property=\"og:image:width\" content=\"2000\" \/>\n\t<meta property=\"og:image:height\" content=\"1413\" \/>\n\t<meta property=\"og:image:type\" content=\"image\/jpeg\" \/>\n<meta name=\"twitter:card\" content=\"summary_large_image\" \/>\n<meta name=\"twitter:label1\" content=\"Arvioitu lukuaika\" \/>\n\t<meta name=\"twitter:data1\" content=\"1 minuutti\" \/>\n<script type=\"application\/ld+json\" class=\"yoast-schema-graph\">{\"@context\":\"https:\/\/schema.org\",\"@graph\":[{\"@type\":\"WebPage\",\"@id\":\"https:\/\/www.salonua.fi\/rallisprint\/kilpailijat\/\",\"url\":\"https:\/\/www.salonua.fi\/rallisprint\/kilpailijat\/\",\"name\":\"Kilpailijat - Rengas Turku Sprint\",\"isPartOf\":{\"@id\":\"https:\/\/www.salonua.fi\/rallisprint\/#website\"},\"primaryImageOfPage\":{\"@id\":\"https:\/\/www.salonua.fi\/rallisprint\/kilpailijat\/#primaryimage\"},\"image\":{\"@id\":\"https:\/\/www.salonua.fi\/rallisprint\/kilpailijat\/#primaryimage\"},\"thumbnailUrl\":\"https:\/\/www.salonua.fi\/rallisprint\/wp-content\/uploads\/2025\/02\/ratakartta16.2.2025_kilpailijat.jpg\",\"datePublished\":\"2018-01-12T11:09:26+00:00\",\"dateModified\":\"2025-01-31T22:43:56+00:00\",\"breadcrumb\":{\"@id\":\"https:\/\/www.salonua.fi\/rallisprint\/kilpailijat\/#breadcrumb\"},\"inLanguage\":\"fi\",\"potentialAction\":[{\"@type\":\"ReadAction\",\"target\":[\"https:\/\/www.salonua.fi\/rallisprint\/kilpailijat\/\"]}]},{\"@type\":\"ImageObject\",\"inLanguage\":\"fi\",\"@id\":\"https:\/\/www.salonua.fi\/rallisprint\/kilpailijat\/#primaryimage\",\"url\":\"https:\/\/www.salonua.fi\/rallisprint\/wp-content\/uploads\/2025\/02\/ratakartta16.2.2025_kilpailijat.jpg\",\"contentUrl\":\"https:\/\/www.salonua.fi\/rallisprint\/wp-content\/uploads\/2025\/02\/ratakartta16.2.2025_kilpailijat.jpg\",\"width\":2000,\"height\":1413},{\"@type\":\"BreadcrumbList\",\"@id\":\"https:\/\/www.salonua.fi\/rallisprint\/kilpailijat\/#breadcrumb\",\"itemListElement\":[{\"@type\":\"ListItem\",\"position\":1,\"name\":\"Home\",\"item\":\"https:\/\/www.salonua.fi\/rallisprint\/\"},{\"@type\":\"ListItem\",\"position\":2,\"name\":\"Kilpailijat\"}]},{\"@type\":\"WebSite\",\"@id\":\"https:\/\/www.salonua.fi\/rallisprint\/#website\",\"url\":\"https:\/\/www.salonua.fi\/rallisprint\/\",\"name\":\"Rengas Turku Sprint\",\"description\":\"Salon Urheiluautoilijat ry\",\"potentialAction\":[{\"@type\":\"SearchAction\",\"target\":{\"@type\":\"EntryPoint\",\"urlTemplate\":\"https:\/\/www.salonua.fi\/rallisprint\/?s={search_term_string}\"},\"query-input\":{\"@type\":\"PropertyValueSpecification\",\"valueRequired\":true,\"valueName\":\"search_term_string\"}}],\"inLanguage\":\"fi\"}]}<\/script>\n<!-- \/ Yoast SEO plugin. -->","yoast_head_json":{"title":"Kilpailijat - Rengas Turku Sprint","robots":{"index":"index","follow":"follow","max-snippet":"max-snippet:-1","max-image-preview":"max-image-preview:large","max-video-preview":"max-video-preview:-1"},"canonical":"https:\/\/www.salonua.fi\/rallisprint\/kilpailijat\/","og_locale":"fi_FI","og_type":"article","og_title":"Kilpailijat - Rengas Turku Sprint","og_description":"\u00a0 Rengas Turku Sprint &#8211; rallisprintti\u00e4 Sauvossa 16.2.2025 Salon Urheiluautoilijoiden kahdeksannen kerran j\u00e4rjestett\u00e4v\u00e4 rallisprint kilpailu l\u00e4hestyy. T\u00e4ll\u00e4 kertaa kilpailu ajetaan Sauvossa.\u00a0 Kilpailu ajetaan 4200m pitk\u00e4ll\u00e4 reitill\u00e4, jonka l\u00e4ht\u00f6 ja maali on heti varikon vieress\u00e4. Kilpailun reittin\u00e4 ovat Roopekintie ja Korpelankyl\u00e4ntie. &hellip; Lue loppuun &rarr;","og_url":"https:\/\/www.salonua.fi\/rallisprint\/kilpailijat\/","og_site_name":"Rengas Turku Sprint","article_publisher":"https:\/\/www.facebook.com\/salonurheiluautoilijat\/","article_modified_time":"2025-01-31T22:43:56+00:00","og_image":[{"width":2000,"height":1413,"url":"https:\/\/www.salonua.fi\/rallisprint\/wp-content\/uploads\/2025\/02\/ratakartta16.2.2025_kilpailijat.jpg","type":"image\/jpeg"}],"twitter_card":"summary_large_image","twitter_misc":{"Arvioitu lukuaika":"1 minuutti"},"schema":{"@context":"https:\/\/schema.org","@graph":[{"@type":"WebPage","@id":"https:\/\/www.salonua.fi\/rallisprint\/kilpailijat\/","url":"https:\/\/www.salonua.fi\/rallisprint\/kilpailijat\/","name":"Kilpailijat - Rengas Turku Sprint","isPartOf":{"@id":"https:\/\/www.salonua.fi\/rallisprint\/#website"},"primaryImageOfPage":{"@id":"https:\/\/www.salonua.fi\/rallisprint\/kilpailijat\/#primaryimage"},"image":{"@id":"https:\/\/www.salonua.fi\/rallisprint\/kilpailijat\/#primaryimage"},"thumbnailUrl":"https:\/\/www.salonua.fi\/rallisprint\/wp-content\/uploads\/2025\/02\/ratakartta16.2.2025_kilpailijat.jpg","datePublished":"2018-01-12T11:09:26+00:00","dateModified":"2025-01-31T22:43:56+00:00","breadcrumb":{"@id":"https:\/\/www.salonua.fi\/rallisprint\/kilpailijat\/#breadcrumb"},"inLanguage":"fi","potentialAction":[{"@type":"ReadAction","target":["https:\/\/www.salonua.fi\/rallisprint\/kilpailijat\/"]}]},{"@type":"ImageObject","inLanguage":"fi","@id":"https:\/\/www.salonua.fi\/rallisprint\/kilpailijat\/#primaryimage","url":"https:\/\/www.salonua.fi\/rallisprint\/wp-content\/uploads\/2025\/02\/ratakartta16.2.2025_kilpailijat.jpg","contentUrl":"https:\/\/www.salonua.fi\/rallisprint\/wp-content\/uploads\/2025\/02\/ratakartta16.2.2025_kilpailijat.jpg","width":2000,"height":1413},{"@type":"BreadcrumbList","@id":"https:\/\/www.salonua.fi\/rallisprint\/kilpailijat\/#breadcrumb","itemListElement":[{"@type":"ListItem","position":1,"name":"Home","item":"https:\/\/www.salonua.fi\/rallisprint\/"},{"@type":"ListItem","position":2,"name":"Kilpailijat"}]},{"@type":"WebSite","@id":"https:\/\/www.salonua.fi\/rallisprint\/#website","url":"https:\/\/www.salonua.fi\/rallisprint\/","name":"Rengas Turku Sprint","description":"Salon Urheiluautoilijat ry","potentialAction":[{"@type":"SearchAction","target":{"@type":"EntryPoint","urlTemplate":"https:\/\/www.salonua.fi\/rallisprint\/?s={search_term_string}"},"query-input":{"@type":"PropertyValueSpecification","valueRequired":true,"valueName":"search_term_string"}}],"inLanguage":"fi"}]}},"_links":{"self":[{"href":"https:\/\/www.salonua.fi\/rallisprint\/wp-json\/wp\/v2\/pages\/7","targetHints":{"allow":["GET"]}}],"collection":[{"href":"https:\/\/www.salonua.fi\/rallisprint\/wp-json\/wp\/v2\/pages"}],"about":[{"href":"https:\/\/www.salonua.fi\/rallisprint\/wp-json\/wp\/v2\/types\/page"}],"author":[{"embeddable":true,"href":"https:\/\/www.salonua.fi\/rallisprint\/wp-json\/wp\/v2\/users\/3"}],"replies":[{"embeddable":true,"href":"https:\/\/www.salonua.fi\/rallisprint\/wp-json\/wp\/v2\/comments?post=7"}],"version-history":[{"count":68,"href":"https:\/\/www.salonua.fi\/rallisprint\/wp-json\/wp\/v2\/pages\/7\/revisions"}],"predecessor-version":[{"id":804,"href":"https:\/\/www.salonua.fi\/rallisprint\/wp-json\/wp\/v2\/pages\/7\/revisions\/804"}],"wp:attachment":[{"href":"https:\/\/www.salonua.fi\/rallisprint\/wp-json\/wp\/v2\/media?parent=7"}],"curies":[{"name":"wp","href":"https:\/\/api.w.org\/{rel}","templated":true}]}}