{"id":32,"date":"2018-01-12T13:37:54","date_gmt":"2018-01-12T11:37:54","guid":{"rendered":"https:\/\/www.salonua.fi\/rallisprint\/?page_id=32"},"modified":"2025-02-02T13:15:54","modified_gmt":"2025-02-02T11:15:54","slug":"yhteystiedot","status":"publish","type":"page","link":"https:\/\/www.salonua.fi\/rallisprint\/yhteystiedot\/","title":{"rendered":"Yhteystiedot"},"content":{"rendered":"<h1><strong>Kilpailunj\u00e4rjest\u00e4j\u00e4<\/strong><\/h1>\n<p>Salon Urheiluautoilijat ry | Riikinkuja 1, 24910 Halikko as.<br \/>\n<a href=\"mailto:%20info@salonua.fi\">info(at)salon.fi<\/a><br \/>\n<a href=\"http:\/\/www.salonua.fi\">www.salonua.fi<\/a><\/p>\n<h1><strong>Kilpailutoimiston ja kilpailuradan osoite<br \/>\n<\/strong><\/h1>\n<p>Uusitalontie 60, 21570 Sauvo.<\/p>\n<h1><strong>Kilpailunjohtaja<\/strong><\/h1>\n<p>Harri Kivim\u00e4ki<br \/>\np. +358 40 500 8952<\/p>\n<h1>Kilpailunsihteeri<\/h1>\n<p>Elina Villikari<br \/>\np. +358 40 352 2043<\/p>\n<h1>Kilpailijoiden yhdyshenkil\u00f6<\/h1>\n<p>Martti Latva<br \/>\np. +358 40 565 1725<\/p>\n<h1>Tiedotusp\u00e4\u00e4llikk\u00f6<\/h1>\n<p>Timo Rinnekari<br \/>\np. +358 50 517 7068<\/p>\n<hr \/>\n","protected":false},"excerpt":{"rendered":"<p>Kilpailunj\u00e4rjest\u00e4j\u00e4 Salon Urheiluautoilijat ry | Riikinkuja 1, 24910 Halikko as. info(at)salon.fi www.salonua.fi Kilpailutoimiston ja kilpailuradan osoite Uusitalontie 60, 21570 Sauvo. Kilpailunjohtaja Harri Kivim\u00e4ki p. +358 40 500 8952 Kilpailunsihteeri Elina Villikari p. +358 40 352 2043 Kilpailijoiden yhdyshenkil\u00f6 Martti Latva &hellip; <a href=\"https:\/\/www.salonua.fi\/rallisprint\/yhteystiedot\/\">Lue loppuun <span class=\"meta-nav\">&rarr;<\/span><\/a><\/p>\n","protected":false},"author":3,"featured_media":0,"parent":0,"menu_order":0,"comment_status":"closed","ping_status":"closed","template":"sidebar-page.php","meta":{"footnotes":""},"class_list":["post-32","page","type-page","status-publish","hentry"],"yoast_head":"<!-- This site is optimized with the Yoast SEO plugin v26.7 - https:\/\/yoast.com\/wordpress\/plugins\/seo\/ -->\n<title>Yhteystiedot - Rengas Turku Sprint<\/title>\n<meta name=\"robots\" content=\"index, follow, max-snippet:-1, max-image-preview:large, max-video-preview:-1\" \/>\n<link rel=\"canonical\" href=\"https:\/\/www.salonua.fi\/rallisprint\/yhteystiedot\/\" \/>\n<meta property=\"og:locale\" content=\"fi_FI\" \/>\n<meta property=\"og:type\" content=\"article\" \/>\n<meta property=\"og:title\" content=\"Yhteystiedot - Rengas Turku Sprint\" \/>\n<meta property=\"og:description\" content=\"Kilpailunj\u00e4rjest\u00e4j\u00e4 Salon Urheiluautoilijat ry | Riikinkuja 1, 24910 Halikko as. info(at)salon.fi www.salonua.fi Kilpailutoimiston ja kilpailuradan osoite Uusitalontie 60, 21570 Sauvo. Kilpailunjohtaja Harri Kivim\u00e4ki p. +358 40 500 8952 Kilpailunsihteeri Elina Villikari p. +358 40 352 2043 Kilpailijoiden yhdyshenkil\u00f6 Martti Latva &hellip; Lue loppuun &rarr;\" \/>\n<meta property=\"og:url\" content=\"https:\/\/www.salonua.fi\/rallisprint\/yhteystiedot\/\" \/>\n<meta property=\"og:site_name\" content=\"Rengas Turku Sprint\" \/>\n<meta property=\"article:publisher\" content=\"https:\/\/www.facebook.com\/salonurheiluautoilijat\/\" \/>\n<meta property=\"article:modified_time\" content=\"2025-02-02T11:15:54+00:00\" \/>\n<meta property=\"og:image\" content=\"https:\/\/www.salonua.fi\/rallisprint\/wp-content\/uploads\/2018\/01\/fb_pic.jpg\" \/>\n\t<meta property=\"og:image:width\" content=\"1200\" \/>\n\t<meta property=\"og:image:height\" content=\"630\" \/>\n\t<meta property=\"og:image:type\" content=\"image\/jpeg\" \/>\n<meta name=\"twitter:card\" content=\"summary_large_image\" \/>\n<meta name=\"twitter:label1\" content=\"Arvioitu lukuaika\" \/>\n\t<meta name=\"twitter:data1\" content=\"1 minuutti\" \/>\n<script type=\"application\/ld+json\" class=\"yoast-schema-graph\">{\"@context\":\"https:\/\/schema.org\",\"@graph\":[{\"@type\":\"WebPage\",\"@id\":\"https:\/\/www.salonua.fi\/rallisprint\/yhteystiedot\/\",\"url\":\"https:\/\/www.salonua.fi\/rallisprint\/yhteystiedot\/\",\"name\":\"Yhteystiedot - Rengas Turku Sprint\",\"isPartOf\":{\"@id\":\"https:\/\/www.salonua.fi\/rallisprint\/#website\"},\"datePublished\":\"2018-01-12T11:37:54+00:00\",\"dateModified\":\"2025-02-02T11:15:54+00:00\",\"breadcrumb\":{\"@id\":\"https:\/\/www.salonua.fi\/rallisprint\/yhteystiedot\/#breadcrumb\"},\"inLanguage\":\"fi\",\"potentialAction\":[{\"@type\":\"ReadAction\",\"target\":[\"https:\/\/www.salonua.fi\/rallisprint\/yhteystiedot\/\"]}]},{\"@type\":\"BreadcrumbList\",\"@id\":\"https:\/\/www.salonua.fi\/rallisprint\/yhteystiedot\/#breadcrumb\",\"itemListElement\":[{\"@type\":\"ListItem\",\"position\":1,\"name\":\"Home\",\"item\":\"https:\/\/www.salonua.fi\/rallisprint\/\"},{\"@type\":\"ListItem\",\"position\":2,\"name\":\"Yhteystiedot\"}]},{\"@type\":\"WebSite\",\"@id\":\"https:\/\/www.salonua.fi\/rallisprint\/#website\",\"url\":\"https:\/\/www.salonua.fi\/rallisprint\/\",\"name\":\"Rengas Turku Sprint\",\"description\":\"Salon Urheiluautoilijat ry\",\"potentialAction\":[{\"@type\":\"SearchAction\",\"target\":{\"@type\":\"EntryPoint\",\"urlTemplate\":\"https:\/\/www.salonua.fi\/rallisprint\/?s={search_term_string}\"},\"query-input\":{\"@type\":\"PropertyValueSpecification\",\"valueRequired\":true,\"valueName\":\"search_term_string\"}}],\"inLanguage\":\"fi\"}]}<\/script>\n<!-- \/ Yoast SEO plugin. -->","yoast_head_json":{"title":"Yhteystiedot - Rengas Turku Sprint","robots":{"index":"index","follow":"follow","max-snippet":"max-snippet:-1","max-image-preview":"max-image-preview:large","max-video-preview":"max-video-preview:-1"},"canonical":"https:\/\/www.salonua.fi\/rallisprint\/yhteystiedot\/","og_locale":"fi_FI","og_type":"article","og_title":"Yhteystiedot - Rengas Turku Sprint","og_description":"Kilpailunj\u00e4rjest\u00e4j\u00e4 Salon Urheiluautoilijat ry | Riikinkuja 1, 24910 Halikko as. info(at)salon.fi www.salonua.fi Kilpailutoimiston ja kilpailuradan osoite Uusitalontie 60, 21570 Sauvo. Kilpailunjohtaja Harri Kivim\u00e4ki p. +358 40 500 8952 Kilpailunsihteeri Elina Villikari p. +358 40 352 2043 Kilpailijoiden yhdyshenkil\u00f6 Martti Latva &hellip; Lue loppuun &rarr;","og_url":"https:\/\/www.salonua.fi\/rallisprint\/yhteystiedot\/","og_site_name":"Rengas Turku Sprint","article_publisher":"https:\/\/www.facebook.com\/salonurheiluautoilijat\/","article_modified_time":"2025-02-02T11:15:54+00:00","og_image":[{"width":1200,"height":630,"url":"https:\/\/www.salonua.fi\/rallisprint\/wp-content\/uploads\/2018\/01\/fb_pic.jpg","type":"image\/jpeg"}],"twitter_card":"summary_large_image","twitter_misc":{"Arvioitu lukuaika":"1 minuutti"},"schema":{"@context":"https:\/\/schema.org","@graph":[{"@type":"WebPage","@id":"https:\/\/www.salonua.fi\/rallisprint\/yhteystiedot\/","url":"https:\/\/www.salonua.fi\/rallisprint\/yhteystiedot\/","name":"Yhteystiedot - Rengas Turku Sprint","isPartOf":{"@id":"https:\/\/www.salonua.fi\/rallisprint\/#website"},"datePublished":"2018-01-12T11:37:54+00:00","dateModified":"2025-02-02T11:15:54+00:00","breadcrumb":{"@id":"https:\/\/www.salonua.fi\/rallisprint\/yhteystiedot\/#breadcrumb"},"inLanguage":"fi","potentialAction":[{"@type":"ReadAction","target":["https:\/\/www.salonua.fi\/rallisprint\/yhteystiedot\/"]}]},{"@type":"BreadcrumbList","@id":"https:\/\/www.salonua.fi\/rallisprint\/yhteystiedot\/#breadcrumb","itemListElement":[{"@type":"ListItem","position":1,"name":"Home","item":"https:\/\/www.salonua.fi\/rallisprint\/"},{"@type":"ListItem","position":2,"name":"Yhteystiedot"}]},{"@type":"WebSite","@id":"https:\/\/www.salonua.fi\/rallisprint\/#website","url":"https:\/\/www.salonua.fi\/rallisprint\/","name":"Rengas Turku Sprint","description":"Salon Urheiluautoilijat ry","potentialAction":[{"@type":"SearchAction","target":{"@type":"EntryPoint","urlTemplate":"https:\/\/www.salonua.fi\/rallisprint\/?s={search_term_string}"},"query-input":{"@type":"PropertyValueSpecification","valueRequired":true,"valueName":"search_term_string"}}],"inLanguage":"fi"}]}},"_links":{"self":[{"href":"https:\/\/www.salonua.fi\/rallisprint\/wp-json\/wp\/v2\/pages\/32","targetHints":{"allow":["GET"]}}],"collection":[{"href":"https:\/\/www.salonua.fi\/rallisprint\/wp-json\/wp\/v2\/pages"}],"about":[{"href":"https:\/\/www.salonua.fi\/rallisprint\/wp-json\/wp\/v2\/types\/page"}],"author":[{"embeddable":true,"href":"https:\/\/www.salonua.fi\/rallisprint\/wp-json\/wp\/v2\/users\/3"}],"replies":[{"embeddable":true,"href":"https:\/\/www.salonua.fi\/rallisprint\/wp-json\/wp\/v2\/comments?post=32"}],"version-history":[{"count":14,"href":"https:\/\/www.salonua.fi\/rallisprint\/wp-json\/wp\/v2\/pages\/32\/revisions"}],"predecessor-version":[{"id":809,"href":"https:\/\/www.salonua.fi\/rallisprint\/wp-json\/wp\/v2\/pages\/32\/revisions\/809"}],"wp:attachment":[{"href":"https:\/\/www.salonua.fi\/rallisprint\/wp-json\/wp\/v2\/media?parent=32"}],"curies":[{"name":"wp","href":"https:\/\/api.w.org\/{rel}","templated":true}]}}