{"id":22,"date":"2018-01-12T13:22:23","date_gmt":"2018-01-12T11:22:23","guid":{"rendered":"https:\/\/www.salonua.fi\/rallisprint\/?page_id=22"},"modified":"2023-05-04T23:19:26","modified_gmt":"2023-05-04T21:19:26","slug":"katsojat","status":"publish","type":"page","link":"https:\/\/www.salonua.fi\/rallisprint\/katsojat\/","title":{"rendered":"Katsojat"},"content":{"rendered":"<p><img loading=\"lazy\" decoding=\"async\" class=\"alignnone wp-image-652 size-full\" src=\"https:\/\/www.salonua.fi\/rallisprint\/wp-content\/uploads\/2023\/03\/RengasTurkuSprint.jpg\" alt=\"\" width=\"1500\" height=\"775\" srcset=\"https:\/\/www.salonua.fi\/rallisprint\/wp-content\/uploads\/2023\/03\/RengasTurkuSprint.jpg 1500w, https:\/\/www.salonua.fi\/rallisprint\/wp-content\/uploads\/2023\/03\/RengasTurkuSprint-300x155.jpg 300w, https:\/\/www.salonua.fi\/rallisprint\/wp-content\/uploads\/2023\/03\/RengasTurkuSprint-1024x529.jpg 1024w, https:\/\/www.salonua.fi\/rallisprint\/wp-content\/uploads\/2023\/03\/RengasTurkuSprint-768x397.jpg 768w, https:\/\/www.salonua.fi\/rallisprint\/wp-content\/uploads\/2023\/03\/RengasTurkuSprint-500x258.jpg 500w\" sizes=\"auto, (max-width: 1500px) 100vw, 1500px\" \/><\/p>\n<hr \/>\n<h1><strong>RENGAS TURKU SPRINT rallisprint kilpailu Kiikalassa 7.5.2023<br \/>\n<\/strong><\/h1>\n<h1><strong>Salon Urheiluautoilijoiden seits\u00e4m\u00e4nnen kerran j\u00e4rjestett\u00e4v\u00e4 rallisprint kilpailu l\u00e4hestyy. T\u00e4ll\u00e4 kertaa kilpailu ajetaan rallisprintille uudessa paikassa, kuitenkin jo rallin erikoiskokeena k\u00e4ytetyll\u00e4 Myllykulmankaarentiell\u00e4 Kiikalassa. Kilpailu on rallisprintin alue7 aluemestaruus osakilpailu.<\/strong><\/h1>\n<p>Kisa aloitetaan klo 11:00, rallisprinttiautot starttaavat kilpailun ensimm\u00e4iselle kierrokselle. L\u00e4hetysv\u00e4li on puoli minuuttia, eli kilpailusta tulee nopeatempoinen ja katsojat n\u00e4kev\u00e4t radalla autoja lyhyill\u00e4 v\u00e4leill\u00e4. Pienen tauon j\u00e4lkeen ajetaan viel\u00e4 toinen ja kolmas kierros. Kotimatkalle p\u00e4\u00e4semme jo hyviss\u00e4 ajoin iltap\u00e4iv\u00e4ll\u00e4.<\/p>\n<p>Huikeaa kalustoa ja kovia kuljettajia<\/p>\n<p>Rallisprintiss\u00e4 n\u00e4et v\u00e4rik\u00e4st\u00e4 ja nopeaa kalustoa. Laji sallii melko vapaata rakentelua ja moni onkin erikoistunut nimenomaan sprintteihin. Ralliautoilla voi osallistua samalla lailla. Monille rallia harrastaville sprintti on mukava v\u00e4lipala.<\/p>\n<p>Pys\u00e4k\u00f6intialue l\u00f6ytyy varikon l\u00e4heisyydest\u00e4 osoitteesta Myllykulmankaari 1, 25390 Kiikala. L\u00e4hd\u00f6n l\u00e4heisyyteen p\u00e4\u00e4set Kalatien kautta Myllykulmankaaren tiet\u00e4 ja toinen tie reitille on P\u00f6ylinkulmantie Rekijoentielt\u00e4. N\u00e4ist\u00e4 kummassakin on vain tienvarsi pys\u00e4k\u00f6inti.<\/p>\n<p>Tervetuloa seuraamaan kilpailua Kiikalaan!<\/p>\n<h1><strong>Alustava kilpailup\u00e4iv\u00e4n aikataulu<\/strong><\/h1>\n<p>10:40\u00a0 \u00a0Turva-auto reitille<br \/>\n10:46\u00a0 \u00a0Johtoauto reitille<br \/>\n10:51\u00a0 \u00a000-auto reitille<br \/>\n10:54\u00a0 \u00a0VIP-auto reitille<br \/>\n10:57\u00a0 \u00a00-auto reitille<br \/>\n1:00\u00a0 \u00a0Ensimm\u00e4inen kierros<br \/>\nn. 11:40\u00a0 \u00a0Tauko 45 min<br \/>\nn. 12:05\u00a0 \u00a0Turva-auto reitille<br \/>\nn. 12:11\u00a0 \u00a0Johtoauto reitille<br \/>\nn. 12:16\u00a0 \u00a0Etuautot reitille<br \/>\nn. 12:25\u00a0 \u00a0Toinen kierros<br \/>\nn. 13:05\u00a0 \u00a0Kolmas kierros<\/p>\n<h1><strong>Ratakartta<\/strong><\/h1>\n<p><img loading=\"lazy\" decoding=\"async\" class=\"alignnone size-full wp-image-706\" src=\"https:\/\/www.salonua.fi\/rallisprint\/wp-content\/uploads\/2023\/05\/ratakartta_yleiso2023-scaled.jpg\" alt=\"\" width=\"2560\" height=\"1809\" srcset=\"https:\/\/www.salonua.fi\/rallisprint\/wp-content\/uploads\/2023\/05\/ratakartta_yleiso2023-scaled.jpg 2560w, https:\/\/www.salonua.fi\/rallisprint\/wp-content\/uploads\/2023\/05\/ratakartta_yleiso2023-300x212.jpg 300w, https:\/\/www.salonua.fi\/rallisprint\/wp-content\/uploads\/2023\/05\/ratakartta_yleiso2023-1024x724.jpg 1024w, https:\/\/www.salonua.fi\/rallisprint\/wp-content\/uploads\/2023\/05\/ratakartta_yleiso2023-768x543.jpg 768w, https:\/\/www.salonua.fi\/rallisprint\/wp-content\/uploads\/2023\/05\/ratakartta_yleiso2023-1536x1085.jpg 1536w, https:\/\/www.salonua.fi\/rallisprint\/wp-content\/uploads\/2023\/05\/ratakartta_yleiso2023-2048x1447.jpg 2048w, https:\/\/www.salonua.fi\/rallisprint\/wp-content\/uploads\/2023\/05\/ratakartta_yleiso2023-425x300.jpg 425w\" sizes=\"auto, (max-width: 2560px) 100vw, 2560px\" \/><\/p>\n<h1><strong>Turvallisuus<\/strong><\/h1>\n<p><img loading=\"lazy\" decoding=\"async\" class=\"alignnone size-full wp-image-733\" src=\"https:\/\/www.salonua.fi\/rallisprint\/wp-content\/uploads\/2023\/05\/turvallisuus.jpg\" alt=\"\" width=\"1500\" height=\"2125\" srcset=\"https:\/\/www.salonua.fi\/rallisprint\/wp-content\/uploads\/2023\/05\/turvallisuus.jpg 1500w, https:\/\/www.salonua.fi\/rallisprint\/wp-content\/uploads\/2023\/05\/turvallisuus-212x300.jpg 212w, https:\/\/www.salonua.fi\/rallisprint\/wp-content\/uploads\/2023\/05\/turvallisuus-723x1024.jpg 723w, https:\/\/www.salonua.fi\/rallisprint\/wp-content\/uploads\/2023\/05\/turvallisuus-768x1088.jpg 768w, https:\/\/www.salonua.fi\/rallisprint\/wp-content\/uploads\/2023\/05\/turvallisuus-1084x1536.jpg 1084w, https:\/\/www.salonua.fi\/rallisprint\/wp-content\/uploads\/2023\/05\/turvallisuus-1446x2048.jpg 1446w\" sizes=\"auto, (max-width: 1500px) 100vw, 1500px\" \/><\/p>\n","protected":false},"excerpt":{"rendered":"<p>RENGAS TURKU SPRINT rallisprint kilpailu Kiikalassa 7.5.2023 Salon Urheiluautoilijoiden seits\u00e4m\u00e4nnen kerran j\u00e4rjestett\u00e4v\u00e4 rallisprint kilpailu l\u00e4hestyy. T\u00e4ll\u00e4 kertaa kilpailu ajetaan rallisprintille uudessa paikassa, kuitenkin jo rallin erikoiskokeena k\u00e4ytetyll\u00e4 Myllykulmankaarentiell\u00e4 Kiikalassa. Kilpailu on rallisprintin alue7 aluemestaruus osakilpailu. Kisa aloitetaan klo 11:00, rallisprinttiautot &hellip; <a href=\"https:\/\/www.salonua.fi\/rallisprint\/katsojat\/\">Lue loppuun <span class=\"meta-nav\">&rarr;<\/span><\/a><\/p>\n","protected":false},"author":3,"featured_media":0,"parent":0,"menu_order":0,"comment_status":"closed","ping_status":"closed","template":"sidebar-page.php","meta":{"footnotes":""},"class_list":["post-22","page","type-page","status-publish","hentry"],"yoast_head":"<!-- This site is optimized with the Yoast SEO plugin v26.7 - https:\/\/yoast.com\/wordpress\/plugins\/seo\/ -->\n<title>Katsojat - Rengas Turku Sprint<\/title>\n<meta name=\"robots\" content=\"index, follow, max-snippet:-1, max-image-preview:large, max-video-preview:-1\" \/>\n<link rel=\"canonical\" href=\"https:\/\/www.salonua.fi\/rallisprint\/katsojat\/\" \/>\n<meta property=\"og:locale\" content=\"fi_FI\" \/>\n<meta property=\"og:type\" content=\"article\" \/>\n<meta property=\"og:title\" content=\"Katsojat - Rengas Turku Sprint\" \/>\n<meta property=\"og:description\" content=\"RENGAS TURKU SPRINT rallisprint kilpailu Kiikalassa 7.5.2023 Salon Urheiluautoilijoiden seits\u00e4m\u00e4nnen kerran j\u00e4rjestett\u00e4v\u00e4 rallisprint kilpailu l\u00e4hestyy. T\u00e4ll\u00e4 kertaa kilpailu ajetaan rallisprintille uudessa paikassa, kuitenkin jo rallin erikoiskokeena k\u00e4ytetyll\u00e4 Myllykulmankaarentiell\u00e4 Kiikalassa. Kilpailu on rallisprintin alue7 aluemestaruus osakilpailu. Kisa aloitetaan klo 11:00, rallisprinttiautot &hellip; Lue loppuun &rarr;\" \/>\n<meta property=\"og:url\" content=\"https:\/\/www.salonua.fi\/rallisprint\/katsojat\/\" \/>\n<meta property=\"og:site_name\" content=\"Rengas Turku Sprint\" \/>\n<meta property=\"article:publisher\" content=\"https:\/\/www.facebook.com\/salonurheiluautoilijat\/\" \/>\n<meta property=\"article:modified_time\" content=\"2023-05-04T21:19:26+00:00\" \/>\n<meta property=\"og:image\" content=\"https:\/\/www.salonua.fi\/rallisprint\/wp-content\/uploads\/2023\/03\/RengasTurkuSprint.jpg\" \/>\n<meta name=\"twitter:card\" content=\"summary_large_image\" \/>\n<meta name=\"twitter:label1\" content=\"Arvioitu lukuaika\" \/>\n\t<meta name=\"twitter:data1\" content=\"2 minuuttia\" \/>\n<script type=\"application\/ld+json\" class=\"yoast-schema-graph\">{\"@context\":\"https:\/\/schema.org\",\"@graph\":[{\"@type\":\"WebPage\",\"@id\":\"https:\/\/www.salonua.fi\/rallisprint\/katsojat\/\",\"url\":\"https:\/\/www.salonua.fi\/rallisprint\/katsojat\/\",\"name\":\"Katsojat - Rengas Turku Sprint\",\"isPartOf\":{\"@id\":\"https:\/\/www.salonua.fi\/rallisprint\/#website\"},\"primaryImageOfPage\":{\"@id\":\"https:\/\/www.salonua.fi\/rallisprint\/katsojat\/#primaryimage\"},\"image\":{\"@id\":\"https:\/\/www.salonua.fi\/rallisprint\/katsojat\/#primaryimage\"},\"thumbnailUrl\":\"https:\/\/www.salonua.fi\/rallisprint\/wp-content\/uploads\/2023\/03\/RengasTurkuSprint.jpg\",\"datePublished\":\"2018-01-12T11:22:23+00:00\",\"dateModified\":\"2023-05-04T21:19:26+00:00\",\"breadcrumb\":{\"@id\":\"https:\/\/www.salonua.fi\/rallisprint\/katsojat\/#breadcrumb\"},\"inLanguage\":\"fi\",\"potentialAction\":[{\"@type\":\"ReadAction\",\"target\":[\"https:\/\/www.salonua.fi\/rallisprint\/katsojat\/\"]}]},{\"@type\":\"ImageObject\",\"inLanguage\":\"fi\",\"@id\":\"https:\/\/www.salonua.fi\/rallisprint\/katsojat\/#primaryimage\",\"url\":\"https:\/\/www.salonua.fi\/rallisprint\/wp-content\/uploads\/2023\/03\/RengasTurkuSprint.jpg\",\"contentUrl\":\"https:\/\/www.salonua.fi\/rallisprint\/wp-content\/uploads\/2023\/03\/RengasTurkuSprint.jpg\",\"width\":1500,\"height\":775},{\"@type\":\"BreadcrumbList\",\"@id\":\"https:\/\/www.salonua.fi\/rallisprint\/katsojat\/#breadcrumb\",\"itemListElement\":[{\"@type\":\"ListItem\",\"position\":1,\"name\":\"Home\",\"item\":\"https:\/\/www.salonua.fi\/rallisprint\/\"},{\"@type\":\"ListItem\",\"position\":2,\"name\":\"Katsojat\"}]},{\"@type\":\"WebSite\",\"@id\":\"https:\/\/www.salonua.fi\/rallisprint\/#website\",\"url\":\"https:\/\/www.salonua.fi\/rallisprint\/\",\"name\":\"Rengas Turku Sprint\",\"description\":\"Salon Urheiluautoilijat ry\",\"potentialAction\":[{\"@type\":\"SearchAction\",\"target\":{\"@type\":\"EntryPoint\",\"urlTemplate\":\"https:\/\/www.salonua.fi\/rallisprint\/?s={search_term_string}\"},\"query-input\":{\"@type\":\"PropertyValueSpecification\",\"valueRequired\":true,\"valueName\":\"search_term_string\"}}],\"inLanguage\":\"fi\"}]}<\/script>\n<!-- \/ Yoast SEO plugin. -->","yoast_head_json":{"title":"Katsojat - Rengas Turku Sprint","robots":{"index":"index","follow":"follow","max-snippet":"max-snippet:-1","max-image-preview":"max-image-preview:large","max-video-preview":"max-video-preview:-1"},"canonical":"https:\/\/www.salonua.fi\/rallisprint\/katsojat\/","og_locale":"fi_FI","og_type":"article","og_title":"Katsojat - Rengas Turku Sprint","og_description":"RENGAS TURKU SPRINT rallisprint kilpailu Kiikalassa 7.5.2023 Salon Urheiluautoilijoiden seits\u00e4m\u00e4nnen kerran j\u00e4rjestett\u00e4v\u00e4 rallisprint kilpailu l\u00e4hestyy. T\u00e4ll\u00e4 kertaa kilpailu ajetaan rallisprintille uudessa paikassa, kuitenkin jo rallin erikoiskokeena k\u00e4ytetyll\u00e4 Myllykulmankaarentiell\u00e4 Kiikalassa. Kilpailu on rallisprintin alue7 aluemestaruus osakilpailu. Kisa aloitetaan klo 11:00, rallisprinttiautot &hellip; Lue loppuun &rarr;","og_url":"https:\/\/www.salonua.fi\/rallisprint\/katsojat\/","og_site_name":"Rengas Turku Sprint","article_publisher":"https:\/\/www.facebook.com\/salonurheiluautoilijat\/","article_modified_time":"2023-05-04T21:19:26+00:00","og_image":[{"url":"https:\/\/www.salonua.fi\/rallisprint\/wp-content\/uploads\/2023\/03\/RengasTurkuSprint.jpg","type":"","width":"","height":""}],"twitter_card":"summary_large_image","twitter_misc":{"Arvioitu lukuaika":"2 minuuttia"},"schema":{"@context":"https:\/\/schema.org","@graph":[{"@type":"WebPage","@id":"https:\/\/www.salonua.fi\/rallisprint\/katsojat\/","url":"https:\/\/www.salonua.fi\/rallisprint\/katsojat\/","name":"Katsojat - Rengas Turku Sprint","isPartOf":{"@id":"https:\/\/www.salonua.fi\/rallisprint\/#website"},"primaryImageOfPage":{"@id":"https:\/\/www.salonua.fi\/rallisprint\/katsojat\/#primaryimage"},"image":{"@id":"https:\/\/www.salonua.fi\/rallisprint\/katsojat\/#primaryimage"},"thumbnailUrl":"https:\/\/www.salonua.fi\/rallisprint\/wp-content\/uploads\/2023\/03\/RengasTurkuSprint.jpg","datePublished":"2018-01-12T11:22:23+00:00","dateModified":"2023-05-04T21:19:26+00:00","breadcrumb":{"@id":"https:\/\/www.salonua.fi\/rallisprint\/katsojat\/#breadcrumb"},"inLanguage":"fi","potentialAction":[{"@type":"ReadAction","target":["https:\/\/www.salonua.fi\/rallisprint\/katsojat\/"]}]},{"@type":"ImageObject","inLanguage":"fi","@id":"https:\/\/www.salonua.fi\/rallisprint\/katsojat\/#primaryimage","url":"https:\/\/www.salonua.fi\/rallisprint\/wp-content\/uploads\/2023\/03\/RengasTurkuSprint.jpg","contentUrl":"https:\/\/www.salonua.fi\/rallisprint\/wp-content\/uploads\/2023\/03\/RengasTurkuSprint.jpg","width":1500,"height":775},{"@type":"BreadcrumbList","@id":"https:\/\/www.salonua.fi\/rallisprint\/katsojat\/#breadcrumb","itemListElement":[{"@type":"ListItem","position":1,"name":"Home","item":"https:\/\/www.salonua.fi\/rallisprint\/"},{"@type":"ListItem","position":2,"name":"Katsojat"}]},{"@type":"WebSite","@id":"https:\/\/www.salonua.fi\/rallisprint\/#website","url":"https:\/\/www.salonua.fi\/rallisprint\/","name":"Rengas Turku Sprint","description":"Salon Urheiluautoilijat ry","potentialAction":[{"@type":"SearchAction","target":{"@type":"EntryPoint","urlTemplate":"https:\/\/www.salonua.fi\/rallisprint\/?s={search_term_string}"},"query-input":{"@type":"PropertyValueSpecification","valueRequired":true,"valueName":"search_term_string"}}],"inLanguage":"fi"}]}},"_links":{"self":[{"href":"https:\/\/www.salonua.fi\/rallisprint\/wp-json\/wp\/v2\/pages\/22","targetHints":{"allow":["GET"]}}],"collection":[{"href":"https:\/\/www.salonua.fi\/rallisprint\/wp-json\/wp\/v2\/pages"}],"about":[{"href":"https:\/\/www.salonua.fi\/rallisprint\/wp-json\/wp\/v2\/types\/page"}],"author":[{"embeddable":true,"href":"https:\/\/www.salonua.fi\/rallisprint\/wp-json\/wp\/v2\/users\/3"}],"replies":[{"embeddable":true,"href":"https:\/\/www.salonua.fi\/rallisprint\/wp-json\/wp\/v2\/comments?post=22"}],"version-history":[{"count":40,"href":"https:\/\/www.salonua.fi\/rallisprint\/wp-json\/wp\/v2\/pages\/22\/revisions"}],"predecessor-version":[{"id":734,"href":"https:\/\/www.salonua.fi\/rallisprint\/wp-json\/wp\/v2\/pages\/22\/revisions\/734"}],"wp:attachment":[{"href":"https:\/\/www.salonua.fi\/rallisprint\/wp-json\/wp\/v2\/media?parent=22"}],"curies":[{"name":"wp","href":"https:\/\/api.w.org\/{rel}","templated":true}]}}