{"id":6,"date":"2017-03-24T17:40:51","date_gmt":"2017-03-24T17:40:51","guid":{"rendered":"http:\/\/www.salonua.fi\/ralli\/?page_id=6"},"modified":"2025-04-23T23:27:24","modified_gmt":"2025-04-23T21:27:24","slug":"etusivu","status":"publish","type":"page","link":"http:\/\/www.salonua.fi\/ralli\/","title":{"rendered":"Etusivu"},"content":{"rendered":"<h1 style=\"text-align: center;\"><span style=\"font-size: 18pt;\"><a href=\"http:\/\/www.salonua.fi\/ralli\/wp-content\/uploads\/2025\/03\/RTR2025_myyntipaikat-scaled.jpg\"><img loading=\"lazy\" decoding=\"async\" class=\"aligncenter size-full wp-image-931\" src=\"http:\/\/www.salonua.fi\/ralli\/wp-content\/uploads\/2025\/03\/RTR2025_myyntipaikat-scaled.jpg\" alt=\"\" width=\"1809\" height=\"2560\" srcset=\"http:\/\/www.salonua.fi\/ralli\/wp-content\/uploads\/2025\/03\/RTR2025_myyntipaikat-scaled.jpg 1809w, http:\/\/www.salonua.fi\/ralli\/wp-content\/uploads\/2025\/03\/RTR2025_myyntipaikat-212x300.jpg 212w, http:\/\/www.salonua.fi\/ralli\/wp-content\/uploads\/2025\/03\/RTR2025_myyntipaikat-724x1024.jpg 724w, http:\/\/www.salonua.fi\/ralli\/wp-content\/uploads\/2025\/03\/RTR2025_myyntipaikat-106x150.jpg 106w, http:\/\/www.salonua.fi\/ralli\/wp-content\/uploads\/2025\/03\/RTR2025_myyntipaikat-768x1087.jpg 768w, http:\/\/www.salonua.fi\/ralli\/wp-content\/uploads\/2025\/03\/RTR2025_myyntipaikat-1086x1536.jpg 1086w, http:\/\/www.salonua.fi\/ralli\/wp-content\/uploads\/2025\/03\/RTR2025_myyntipaikat-1447x2048.jpg 1447w\" sizes=\"auto, (max-width: 1809px) 100vw, 1809px\" \/><\/a><\/span><a href=\"http:\/\/www.salonua.fi\/ralli\/rallilehti\/\"><span style=\"font-size: 18pt;\">Rallilehden p\u00e4\u00e4set lukemaan t\u00e4\u00e4lt\u00e4!<\/span><\/a><\/h1>\n<hr \/>\n<h1><span style=\"font-size: 18pt;\">Rengas Turku &#8211; ralli 3.5.2025<\/span><\/h1>\n<p>Rallin kes\u00e4kauden avauskilpailuna 3.5.2025 ajettava Rengas Turku &#8211; ralli on nelj\u00e4n erikoiskokeen kansallinen ralli, joka on samalla alue 7 aluemestaruusosakilpailu. Kilpailun ajankohta on mit\u00e4 parhain tulla testaamaan kalustoa, sek\u00e4 avaamaan ranteet ennen sarjojen kilpailuja. Ralli sis\u00e4lt\u00e4\u00e4 4 erikoiskoetta, joiden yhteispituus on n. 42 km ja koko reitin kokonaispituus n. 144 km. Kilpailun vauhdikkaat erikoiskokeet sijaitsevat Varsinais-Suomessa ja Uudellamaalla. Luokkia l\u00f6ytyy niin nuotittaville kuin pime\u00e4\u00e4nkin ajaville. Koko kilpailu vied\u00e4\u00e4n l\u00e4pi p\u00e4iv\u00e4n aikana, aloittaen aamulla nuotituksella, l\u00e4ht\u00f6 klo 14:01 ja maali n. 17:00. Kilpailukeskuksena, l\u00e4ht\u00f6n\u00e4 ja maalina toimii Neste Kivihovi osoitteessa Bulevardi 10, 25410 Suomusj\u00e4rvi.<\/p>\n<h4><strong>Autokattausta 2022 Rengas Turku &#8211; rallista<\/strong><\/h4>\n\n\n<figure class=\"wp-block-embed is-type-video is-provider-youtube wp-block-embed-youtube wp-embed-aspect-16-9 wp-has-aspect-ratio\"><div class=\"wp-block-embed__wrapper\">\n<iframe loading=\"lazy\" title=\"Rengas Turku Ralli 2022\" width=\"584\" height=\"329\" src=\"https:\/\/www.youtube.com\/embed\/SVmS7n1sXzg?feature=oembed\" frameborder=\"0\" allow=\"accelerometer; autoplay; clipboard-write; encrypted-media; gyroscope; picture-in-picture; web-share\" referrerpolicy=\"strict-origin-when-cross-origin\" allowfullscreen><\/iframe>\n<\/div><\/figure>\n","protected":false},"excerpt":{"rendered":"<p>Rallilehden p\u00e4\u00e4set lukemaan t\u00e4\u00e4lt\u00e4! Rengas Turku &#8211; ralli 3.5.2025 Rallin kes\u00e4kauden avauskilpailuna 3.5.2025 ajettava Rengas Turku &#8211; ralli on nelj\u00e4n erikoiskokeen kansallinen ralli, joka on samalla alue 7 aluemestaruusosakilpailu. Kilpailun ajankohta on mit\u00e4 parhain tulla testaamaan kalustoa, sek\u00e4 avaamaan ranteet &hellip; <a href=\"http:\/\/www.salonua.fi\/ralli\/\">Lue loppuun <span class=\"meta-nav\">&rarr;<\/span><\/a><\/p>\n","protected":false},"author":5,"featured_media":0,"parent":0,"menu_order":1,"comment_status":"closed","ping_status":"closed","template":"sidebar-page.php","meta":{"_exactmetrics_skip_tracking":false,"_exactmetrics_sitenote_active":false,"_exactmetrics_sitenote_note":"","_exactmetrics_sitenote_category":0,"footnotes":""},"class_list":["post-6","page","type-page","status-publish","hentry"],"_links":{"self":[{"href":"http:\/\/www.salonua.fi\/ralli\/wp-json\/wp\/v2\/pages\/6","targetHints":{"allow":["GET"]}}],"collection":[{"href":"http:\/\/www.salonua.fi\/ralli\/wp-json\/wp\/v2\/pages"}],"about":[{"href":"http:\/\/www.salonua.fi\/ralli\/wp-json\/wp\/v2\/types\/page"}],"author":[{"embeddable":true,"href":"http:\/\/www.salonua.fi\/ralli\/wp-json\/wp\/v2\/users\/5"}],"replies":[{"embeddable":true,"href":"http:\/\/www.salonua.fi\/ralli\/wp-json\/wp\/v2\/comments?post=6"}],"version-history":[{"count":75,"href":"http:\/\/www.salonua.fi\/ralli\/wp-json\/wp\/v2\/pages\/6\/revisions"}],"predecessor-version":[{"id":975,"href":"http:\/\/www.salonua.fi\/ralli\/wp-json\/wp\/v2\/pages\/6\/revisions\/975"}],"wp:attachment":[{"href":"http:\/\/www.salonua.fi\/ralli\/wp-json\/wp\/v2\/media?parent=6"}],"curies":[{"name":"wp","href":"https:\/\/api.w.org\/{rel}","templated":true}]}}