{"id":343,"date":"2021-02-21T23:00:58","date_gmt":"2021-02-21T21:00:58","guid":{"rendered":"http:\/\/www.salonua.fi\/ralli\/?page_id=343"},"modified":"2022-05-07T19:21:28","modified_gmt":"2022-05-07T17:21:28","slug":"ilmoitustaulu","status":"publish","type":"page","link":"http:\/\/www.salonua.fi\/ralli\/ilmoitustaulu\/","title":{"rendered":"VIRALLINEN ILMOITUSTAULU"},"content":{"rendered":"\n<p><a href=\"https:\/\/time.is\/\"><strong>Kilpailun virallinen aika<\/strong><\/a><\/p>\n<p><span style=\"color: #000000;\"><strong>S\u00e4\u00e4nn\u00f6t ja lis\u00e4m\u00e4\u00e4r\u00e4ykset<br \/><\/strong><\/span><a href=\"https:\/\/akk.autourheilu.fi\/Public\/Handlers\/Attachment.ashx?id=55858&amp;hash=2af5996a&amp;full=1\" target=\"_blank\" rel=\"noopener\">Kilpailun s\u00e4\u00e4nn\u00f6t<\/a><br \/><a href=\"http:\/\/www.salonua.fi\/ralli\/wp-content\/uploads\/2022\/05\/Kilpailijaohje.pdf\">Kilpailijaohje<\/a><\/p>\n<p><strong>Lis\u00e4m\u00e4\u00e4r\u00e4ykset<br \/><\/strong><a href=\"http:\/\/www.salonua.fi\/ralli\/wp-content\/uploads\/2022\/05\/Lisamaarays1.pdf\">Lis\u00e4m\u00e4\u00e4r\u00e4ys 1<\/a><\/p>\n<p><strong><span style=\"color: #000000;\">Kilpailunjohtajan p\u00e4\u00e4t\u00f6kset<br \/><\/span><\/strong><a href=\"http:\/\/www.salonua.fi\/ralli\/wp-content\/uploads\/2022\/05\/tiedote_kilpailunjihtajan_paatoksesta_36.pdf\">Tiedote kilpailunjohtajan p\u00e4\u00e4t\u00f6ksest\u00e4 nro 36<\/a><\/p>\n<p><strong><span style=\"color: #000000;\">L\u00e4ht\u00f6listat<br \/><\/span><\/strong><a href=\"http:\/\/www.salonua.fi\/ralli\/wp-content\/uploads\/2022\/05\/Kilpailuun-hyvaksytyt.pdf\">Kilpailuun hyv\u00e4ksytyt<\/a><br \/><a href=\"http:\/\/www.salonua.fi\/ralli\/wp-content\/uploads\/2022\/05\/lahtoonoikeutetut-v2.pdf\">L\u00e4ht\u00f6\u00f6n oikeutetut<\/a><\/p>\n<p><span style=\"color: #000000;\"><strong>Tulokset<br \/><\/strong><\/span><a href=\"http:\/\/www.salonua.fi\/ralli\/wp-content\/uploads\/2022\/05\/Ehdolliset-lopputulokset.pdf\">Ehdolliset lopputulokset<\/a>\u00a0 Julkaistu 7.5.2022 klo 20:00<br \/><a href=\"http:\/\/www.salonua.fi\/ralli\/wp-content\/uploads\/2022\/05\/Viralliset-lopputulokset.pdf\">Viralliset lopputulokset<\/a>\u00a0 Julkaistu 7.5.2022 klo 20:20<\/p>\n<p><strong><span style=\"color: #000000;\">Palkittavien lista<br \/><\/span><\/strong><a href=\"http:\/\/www.salonua.fi\/ralli\/wp-content\/uploads\/2022\/05\/Rengas-Turku-2022-palkittavat.pdf\">Palkittavien lista<\/a><\/p>\n","protected":false},"excerpt":{"rendered":"<p>Kilpailun virallinen aika S\u00e4\u00e4nn\u00f6t ja lis\u00e4m\u00e4\u00e4r\u00e4yksetKilpailun s\u00e4\u00e4nn\u00f6tKilpailijaohje Lis\u00e4m\u00e4\u00e4r\u00e4yksetLis\u00e4m\u00e4\u00e4r\u00e4ys 1 Kilpailunjohtajan p\u00e4\u00e4t\u00f6ksetTiedote kilpailunjohtajan p\u00e4\u00e4t\u00f6ksest\u00e4 nro 36 L\u00e4ht\u00f6listatKilpailuun hyv\u00e4ksytytL\u00e4ht\u00f6\u00f6n oikeutetut TuloksetEhdolliset lopputulokset\u00a0 Julkaistu 7.5.2022 klo 20:00Viralliset lopputulokset\u00a0 Julkaistu 7.5.2022 klo 20:20 Palkittavien listaPalkittavien lista<\/p>\n","protected":false},"author":5,"featured_media":0,"parent":0,"menu_order":0,"comment_status":"closed","ping_status":"closed","template":"","meta":{"_exactmetrics_skip_tracking":false,"_exactmetrics_sitenote_active":false,"_exactmetrics_sitenote_note":"","_exactmetrics_sitenote_category":0,"footnotes":""},"class_list":["post-343","page","type-page","status-publish","hentry"],"_links":{"self":[{"href":"http:\/\/www.salonua.fi\/ralli\/wp-json\/wp\/v2\/pages\/343","targetHints":{"allow":["GET"]}}],"collection":[{"href":"http:\/\/www.salonua.fi\/ralli\/wp-json\/wp\/v2\/pages"}],"about":[{"href":"http:\/\/www.salonua.fi\/ralli\/wp-json\/wp\/v2\/types\/page"}],"author":[{"embeddable":true,"href":"http:\/\/www.salonua.fi\/ralli\/wp-json\/wp\/v2\/users\/5"}],"replies":[{"embeddable":true,"href":"http:\/\/www.salonua.fi\/ralli\/wp-json\/wp\/v2\/comments?post=343"}],"version-history":[{"count":33,"href":"http:\/\/www.salonua.fi\/ralli\/wp-json\/wp\/v2\/pages\/343\/revisions"}],"predecessor-version":[{"id":944,"href":"http:\/\/www.salonua.fi\/ralli\/wp-json\/wp\/v2\/pages\/343\/revisions\/944"}],"wp:attachment":[{"href":"http:\/\/www.salonua.fi\/ralli\/wp-json\/wp\/v2\/media?parent=343"}],"curies":[{"name":"wp","href":"https:\/\/api.w.org\/{rel}","templated":true}]}}