{"id":18,"date":"2017-03-24T20:23:32","date_gmt":"2017-03-24T18:23:32","guid":{"rendered":"http:\/\/www.salonua.fi\/ralli\/?page_id=18"},"modified":"2025-02-02T12:32:27","modified_gmt":"2025-02-02T10:32:27","slug":"yhteystiedot","status":"publish","type":"page","link":"http:\/\/www.salonua.fi\/ralli\/yhteystiedot\/","title":{"rendered":"Yhteystiedot"},"content":{"rendered":"<div class=\"entry-content\">\n<h1><strong>Kilpailunj\u00e4rjest\u00e4j\u00e4<\/strong><\/h1>\n<p>Salon Urheiluautoilijat ry<br \/>\n<a href=\"http:\/\/www.salonua.fi\">www.salonua.fi<\/a><\/p>\n<h1><strong>Kilpailutoimisto kilpailup\u00e4iv\u00e4n\u00e4<\/strong><\/h1>\n<p>Kivihovi | Bulevardi 10, 25410 Suomusj\u00e4rvi<br \/>\n<a href=\"mailto:info@salonua.fi\">info(at)salonua.fi<\/a><\/p>\n<h2>J\u00e4rjestelytoimikunnan puheenjohtaja<\/h2>\n<p>Kai Rajakannas<br \/>\np. +358 400 781 044<br \/>\n<a href=\"mailto:kai.rajakannas@gmail.com\">kai.rajakannas(at)gmail.com<\/a><\/p>\n<h2>Kilpailunjohtaja<\/h2>\n<p>Sirpa Saarela<br \/>\np. +358 40 516 4675<br \/>\n<a href=\"mailto:sirpa_02@msn.fi\" target=\"_blank\" rel=\"noopener\">sirpa_02(at)msn.fi<\/a><\/p>\n<p>Timo Kallio<br \/>\np. +358 400 612 438<br \/>\n<a href=\"mailto:timo.kallio3@gmail.com\" target=\"_blank\" rel=\"noopener\">timo.kallio3(at)gmail.com<\/a><\/p>\n<h1>Kilpailijoiden yhdyshenkil\u00f6<\/h1>\n<p>Otto Aro<br \/>\np. +358 40 587 8830<br \/>\n<a href=\"mailto:otto.aro@gmail.com\" target=\"_blank\" rel=\"noopener\">otto.aro(at)gmail.com<\/a><\/p>\n<\/div>\n","protected":false},"excerpt":{"rendered":"<p>Kilpailunj\u00e4rjest\u00e4j\u00e4 Salon Urheiluautoilijat ry www.salonua.fi Kilpailutoimisto kilpailup\u00e4iv\u00e4n\u00e4 Kivihovi | Bulevardi 10, 25410 Suomusj\u00e4rvi info(at)salonua.fi J\u00e4rjestelytoimikunnan puheenjohtaja Kai Rajakannas p. +358 400 781 044 kai.rajakannas(at)gmail.com Kilpailunjohtaja Sirpa Saarela p. +358 40 516 4675 sirpa_02(at)msn.fi Timo Kallio p. +358 400 612 438 &hellip; <a href=\"http:\/\/www.salonua.fi\/ralli\/yhteystiedot\/\">Lue loppuun <span class=\"meta-nav\">&rarr;<\/span><\/a><\/p>\n","protected":false},"author":5,"featured_media":0,"parent":0,"menu_order":8,"comment_status":"closed","ping_status":"closed","template":"sidebar-page.php","meta":{"_exactmetrics_skip_tracking":false,"_exactmetrics_sitenote_active":false,"_exactmetrics_sitenote_note":"","_exactmetrics_sitenote_category":0,"footnotes":""},"class_list":["post-18","page","type-page","status-publish","hentry"],"_links":{"self":[{"href":"http:\/\/www.salonua.fi\/ralli\/wp-json\/wp\/v2\/pages\/18","targetHints":{"allow":["GET"]}}],"collection":[{"href":"http:\/\/www.salonua.fi\/ralli\/wp-json\/wp\/v2\/pages"}],"about":[{"href":"http:\/\/www.salonua.fi\/ralli\/wp-json\/wp\/v2\/types\/page"}],"author":[{"embeddable":true,"href":"http:\/\/www.salonua.fi\/ralli\/wp-json\/wp\/v2\/users\/5"}],"replies":[{"embeddable":true,"href":"http:\/\/www.salonua.fi\/ralli\/wp-json\/wp\/v2\/comments?post=18"}],"version-history":[{"count":20,"href":"http:\/\/www.salonua.fi\/ralli\/wp-json\/wp\/v2\/pages\/18\/revisions"}],"predecessor-version":[{"id":904,"href":"http:\/\/www.salonua.fi\/ralli\/wp-json\/wp\/v2\/pages\/18\/revisions\/904"}],"wp:attachment":[{"href":"http:\/\/www.salonua.fi\/ralli\/wp-json\/wp\/v2\/media?parent=18"}],"curies":[{"name":"wp","href":"https:\/\/api.w.org\/{rel}","templated":true}]}}