{"id":12,"date":"2017-03-24T20:22:12","date_gmt":"2017-03-24T18:22:12","guid":{"rendered":"http:\/\/www.salonua.fi\/ralli\/?page_id=12"},"modified":"2025-03-06T23:18:49","modified_gmt":"2025-03-06T21:18:49","slug":"katsojat","status":"publish","type":"page","link":"http:\/\/www.salonua.fi\/ralli\/katsojat\/","title":{"rendered":"Katsojat"},"content":{"rendered":"\n<p><a href=\"http:\/\/www.salonua.fi\/ralli\/wp-content\/uploads\/2025\/03\/RTR2025_myyntipaikat-scaled.jpg\"><img loading=\"lazy\" decoding=\"async\" class=\"aligncenter wp-image-931 size-full\" src=\"http:\/\/www.salonua.fi\/ralli\/wp-content\/uploads\/2025\/03\/RTR2025_myyntipaikat-scaled.jpg\" alt=\"\" width=\"1809\" height=\"2560\" srcset=\"http:\/\/www.salonua.fi\/ralli\/wp-content\/uploads\/2025\/03\/RTR2025_myyntipaikat-scaled.jpg 1809w, http:\/\/www.salonua.fi\/ralli\/wp-content\/uploads\/2025\/03\/RTR2025_myyntipaikat-212x300.jpg 212w, http:\/\/www.salonua.fi\/ralli\/wp-content\/uploads\/2025\/03\/RTR2025_myyntipaikat-724x1024.jpg 724w, http:\/\/www.salonua.fi\/ralli\/wp-content\/uploads\/2025\/03\/RTR2025_myyntipaikat-106x150.jpg 106w, http:\/\/www.salonua.fi\/ralli\/wp-content\/uploads\/2025\/03\/RTR2025_myyntipaikat-768x1087.jpg 768w, http:\/\/www.salonua.fi\/ralli\/wp-content\/uploads\/2025\/03\/RTR2025_myyntipaikat-1086x1536.jpg 1086w, http:\/\/www.salonua.fi\/ralli\/wp-content\/uploads\/2025\/03\/RTR2025_myyntipaikat-1447x2048.jpg 1447w\" sizes=\"auto, (max-width: 1809px) 100vw, 1809px\" \/><\/a><\/p>\n<p><strong>Rengas Turku Ralli ajetaan taas 3.5.2025.<\/strong><\/p>\n<p>Kolmannen kerran j\u00e4rjestett\u00e4v\u00e4 Rengas Turku Ralli ponnistaa nyt aivan eri l\u00e4ht\u00f6kohdista kuin edelliset rallimme. Ensimm\u00e4isen Rengas Turku rallin jouduimme j\u00e4rjest\u00e4m\u00e4\u00e4n ilman yleis\u00f6\u00e4, silloin puuttui yksi iso elementti. Rallin yst\u00e4v\u00e4t eiv\u00e4t p\u00e4\u00e4sseet nauttimaan paikanp\u00e4\u00e4lle, yhteisty\u00f6kumppanit ja reitin varrella olevat kyl\u00e4yhteis\u00f6t eiv\u00e4t saaneet sit\u00e4 mit\u00e4 ralli parhaimmillaan merkitsee. Paljon hyv\u00e4\u00e4kin koimme. Kilpailijat saivat hyv\u00e4n rallin, jossa p\u00e4\u00e4si hyviss\u00e4 olosuhteissa testaamaan kes\u00e4kauden arvosarjoja varten. T\u00e4m\u00e4 n\u00e4kyi huippuhienona l\u00e4ht\u00f6luettelona, saimme mukaan ison joukon SM-k\u00e4rkikuljettajia.<\/p>\n<p>Toinen Rengas Turku Ralli piti sis\u00e4ll\u00e4\u00e4n nelj\u00e4 hienoa erikoiskoetta. Ajankohta tarjosi oivan startin kes\u00e4kauteen. Kilpailussa olikin hyv\u00e4 p\u00f6hin\u00e4 ja runsas osallistujakaarti, kuten edellisvuonnakin oli ollut.<\/p>\n<p>Kolmas Rengas Turku ralli tarjoaa yleis\u00f6lle sit\u00e4 mit\u00e4 ralli parhaimmillaan on. Ralli tuo mukavaa ohjelmaa my\u00f6s reitin varrelle. Tosin kaikki eiv\u00e4t rallista pid\u00e4, tied\u00e4mme senkin. Toivomme kuitenkin, ett\u00e4 mahdollisimman moni nauttisi tapahtumasta.<br \/>Reitti tulee olemaan n. 144 km pitk\u00e4 sis\u00e4lt\u00e4en 4 kovapintaista valtiontiet\u00e4 maustettuna nopeahkolla yksityistiell\u00e4, yhteispituudeltaan n. 42 km.<br \/>Edellisten vuosien tapaan rallilehteen teemme oppaan katsojille, joten voit suunnitella rallip\u00e4iv\u00e4si hyviss\u00e4 ajoin. Toivomme kuitenkin, ett\u00e4 liikenne reitill\u00e4 ei lis\u00e4\u00e4ntyisi ennen rallia. Rauhoittamalla tiet asukkaiden k\u00e4ytt\u00f6\u00f6n turvaamme rallin tulevaisuutta sek\u00e4 liikenneturvallisuutta.<\/p>\n<p>J\u00e4rjestelytoimikunta.<\/p>\n","protected":false},"excerpt":{"rendered":"<p>Rengas Turku Ralli ajetaan taas 3.5.2025. Kolmannen kerran j\u00e4rjestett\u00e4v\u00e4 Rengas Turku Ralli ponnistaa nyt aivan eri l\u00e4ht\u00f6kohdista kuin edelliset rallimme. Ensimm\u00e4isen Rengas Turku rallin jouduimme j\u00e4rjest\u00e4m\u00e4\u00e4n ilman yleis\u00f6\u00e4, silloin puuttui yksi iso elementti. Rallin yst\u00e4v\u00e4t eiv\u00e4t p\u00e4\u00e4sseet nauttimaan paikanp\u00e4\u00e4lle, yhteisty\u00f6kumppanit &hellip; <a href=\"http:\/\/www.salonua.fi\/ralli\/katsojat\/\">Lue loppuun <span class=\"meta-nav\">&rarr;<\/span><\/a><\/p>\n","protected":false},"author":5,"featured_media":0,"parent":0,"menu_order":4,"comment_status":"closed","ping_status":"closed","template":"sidebar-page.php","meta":{"_exactmetrics_skip_tracking":false,"_exactmetrics_sitenote_active":false,"_exactmetrics_sitenote_note":"","_exactmetrics_sitenote_category":0,"footnotes":""},"class_list":["post-12","page","type-page","status-publish","hentry"],"_links":{"self":[{"href":"http:\/\/www.salonua.fi\/ralli\/wp-json\/wp\/v2\/pages\/12","targetHints":{"allow":["GET"]}}],"collection":[{"href":"http:\/\/www.salonua.fi\/ralli\/wp-json\/wp\/v2\/pages"}],"about":[{"href":"http:\/\/www.salonua.fi\/ralli\/wp-json\/wp\/v2\/types\/page"}],"author":[{"embeddable":true,"href":"http:\/\/www.salonua.fi\/ralli\/wp-json\/wp\/v2\/users\/5"}],"replies":[{"embeddable":true,"href":"http:\/\/www.salonua.fi\/ralli\/wp-json\/wp\/v2\/comments?post=12"}],"version-history":[{"count":35,"href":"http:\/\/www.salonua.fi\/ralli\/wp-json\/wp\/v2\/pages\/12\/revisions"}],"predecessor-version":[{"id":932,"href":"http:\/\/www.salonua.fi\/ralli\/wp-json\/wp\/v2\/pages\/12\/revisions\/932"}],"wp:attachment":[{"href":"http:\/\/www.salonua.fi\/ralli\/wp-json\/wp\/v2\/media?parent=12"}],"curies":[{"name":"wp","href":"https:\/\/api.w.org\/{rel}","templated":true}]}}