{"id":10,"date":"2017-03-24T20:21:48","date_gmt":"2017-03-24T18:21:48","guid":{"rendered":"http:\/\/www.salonua.fi\/ralli\/?page_id=10"},"modified":"2025-03-31T22:21:07","modified_gmt":"2025-03-31T20:21:07","slug":"kilpailijat","status":"publish","type":"page","link":"http:\/\/www.salonua.fi\/ralli\/kilpailijat\/","title":{"rendered":"Kilpailijat"},"content":{"rendered":"\n<p><a href=\"http:\/\/www.salonua.fi\/ralli\/wp-content\/uploads\/2025\/03\/RTR2025_flyer-scaled.jpg\"><img loading=\"lazy\" decoding=\"async\" class=\"aligncenter wp-image-928 size-full\" src=\"http:\/\/www.salonua.fi\/ralli\/wp-content\/uploads\/2025\/03\/RTR2025_flyer-scaled.jpg\" alt=\"\" width=\"1809\" height=\"2560\" srcset=\"http:\/\/www.salonua.fi\/ralli\/wp-content\/uploads\/2025\/03\/RTR2025_flyer-scaled.jpg 1809w, http:\/\/www.salonua.fi\/ralli\/wp-content\/uploads\/2025\/03\/RTR2025_flyer-212x300.jpg 212w, http:\/\/www.salonua.fi\/ralli\/wp-content\/uploads\/2025\/03\/RTR2025_flyer-724x1024.jpg 724w, http:\/\/www.salonua.fi\/ralli\/wp-content\/uploads\/2025\/03\/RTR2025_flyer-106x150.jpg 106w, http:\/\/www.salonua.fi\/ralli\/wp-content\/uploads\/2025\/03\/RTR2025_flyer-768x1087.jpg 768w, http:\/\/www.salonua.fi\/ralli\/wp-content\/uploads\/2025\/03\/RTR2025_flyer-1086x1536.jpg 1086w, http:\/\/www.salonua.fi\/ralli\/wp-content\/uploads\/2025\/03\/RTR2025_flyer-1447x2048.jpg 1447w\" sizes=\"auto, (max-width: 1809px) 100vw, 1809px\" \/><\/a><\/p>\n\n\n\n<p>Rallin kes\u00e4kauden avauskilpailuna 3.5.2025 ajettava Rengas Turku \u2013 ralli on nelj\u00e4n erikoiskokeen kansallinen ralli, joka on samalla alue 7 aluemestaruusosakilpailu. Kilpailun ajankohta on mit\u00e4 parhain tulla testaamaan kalustoa, sek\u00e4 avaamaan ranteet ennen sarjojen kilpailuja. Ralli sis\u00e4lt\u00e4\u00e4 4 erikoiskoetta, joiden yhteispituus on n. 42 km ja koko reitin kokonaispituus n. 144 km. Kilpailun vauhdikkaat erikoiskokeet sijaitsevat Varsinais-Suomessa ja Uudellamaalla. Luokkia l\u00f6ytyy niin nuotittaville kuin pime\u00e4\u00e4nkin ajaville. Koko kilpailu vied\u00e4\u00e4n l\u00e4pi p\u00e4iv\u00e4n aikana, aloittaen aamulla nuotituksella klo 7:00 &#8211; 13:00, l\u00e4ht\u00f6 klo 14:01 ja maali n. 17:00. Huolto ja tankkaus siirtym\u00e4ajalla EK 2 j\u00e4lkeen kilpailukeskuksessa. Kilpailukeskuksena, l\u00e4ht\u00f6n\u00e4 ja maalina toimii Neste Kivihovi osoitteessa Bulevardi 10, 25410 Suomusj\u00e4rvi.<\/p>\n<p>Osallistumismaksut: Nuotittavat 269\u20ac, Yleinen 219\u20ac, juniorit 219\u20ac ja nuoret 119\u20ac<\/p>\n<p><a href=\"https:\/\/akk.autourheilu.fi\/Public\/Handlers\/Attachment.ashx?id=80424&amp;hash=b7c3d5c9&amp;full=1\" target=\"_blank\" rel=\"noopener\"><strong>S\u00e4\u00e4nn\u00f6t<\/strong><\/a><\/p>\n<p><a href=\"https:\/\/akk.autourheilu.fi\/Kiti\/Competition\/EventEdit.aspx?id=18733&amp;\" target=\"_blank\" rel=\"noopener\"><strong>Ilmoittaudu KITI:ss\u00e4<\/strong><\/a><\/p>\n\n\n","protected":false},"excerpt":{"rendered":"<p>Rallin kes\u00e4kauden avauskilpailuna 3.5.2025 ajettava Rengas Turku \u2013 ralli on nelj\u00e4n erikoiskokeen kansallinen ralli, joka on samalla alue 7 aluemestaruusosakilpailu. Kilpailun ajankohta on mit\u00e4 parhain tulla testaamaan kalustoa, sek\u00e4 avaamaan ranteet ennen sarjojen kilpailuja. Ralli sis\u00e4lt\u00e4\u00e4 4 erikoiskoetta, joiden yhteispituus &hellip; <a href=\"http:\/\/www.salonua.fi\/ralli\/kilpailijat\/\">Lue loppuun <span class=\"meta-nav\">&rarr;<\/span><\/a><\/p>\n","protected":false},"author":5,"featured_media":0,"parent":0,"menu_order":3,"comment_status":"closed","ping_status":"closed","template":"sidebar-page.php","meta":{"_exactmetrics_skip_tracking":false,"_exactmetrics_sitenote_active":false,"_exactmetrics_sitenote_note":"","_exactmetrics_sitenote_category":0,"footnotes":""},"class_list":["post-10","page","type-page","status-publish","hentry"],"_links":{"self":[{"href":"http:\/\/www.salonua.fi\/ralli\/wp-json\/wp\/v2\/pages\/10","targetHints":{"allow":["GET"]}}],"collection":[{"href":"http:\/\/www.salonua.fi\/ralli\/wp-json\/wp\/v2\/pages"}],"about":[{"href":"http:\/\/www.salonua.fi\/ralli\/wp-json\/wp\/v2\/types\/page"}],"author":[{"embeddable":true,"href":"http:\/\/www.salonua.fi\/ralli\/wp-json\/wp\/v2\/users\/5"}],"replies":[{"embeddable":true,"href":"http:\/\/www.salonua.fi\/ralli\/wp-json\/wp\/v2\/comments?post=10"}],"version-history":[{"count":37,"href":"http:\/\/www.salonua.fi\/ralli\/wp-json\/wp\/v2\/pages\/10\/revisions"}],"predecessor-version":[{"id":949,"href":"http:\/\/www.salonua.fi\/ralli\/wp-json\/wp\/v2\/pages\/10\/revisions\/949"}],"wp:attachment":[{"href":"http:\/\/www.salonua.fi\/ralli\/wp-json\/wp\/v2\/media?parent=10"}],"curies":[{"name":"wp","href":"https:\/\/api.w.org\/{rel}","templated":true}]}}